{"id":14018,"date":"2025-04-24T09:38:27","date_gmt":"2025-04-24T07:38:27","guid":{"rendered":"https:\/\/cortedeldome.com\/?post_type=product&#038;p=14018"},"modified":"2025-05-05T14:25:31","modified_gmt":"2025-05-05T12:25:31","slug":"pesto-rojo-500g","status":"publish","type":"product","link":"https:\/\/cortedeldome.com\/es\/producto\/pesto-rojo-500g\/","title":{"rendered":"Pesto Rojo 500g"},"content":{"rendered":"<p>El <strong>Pesto Rojo de Corte del Dome<\/strong>, firmado por el <strong>Chef Marco Stabile<\/strong>, es una sabrosa evoluci\u00f3n del pesto genov\u00e9s, donde los tomates secos se encuentran con la albahaca ligur para crear una receta de sabor pleno y envolvente.<br \/>\nEl Grana Padano y las nueces enriquecen la estructura con una nota cremosa y profunda, mientras que el <strong>aceite de oliva virgen extra<\/strong> une cada sabor con equilibrio y armon\u00eda.<br \/>\nEsta variante lleva consigo toda la versatilidad de la tradici\u00f3n ligur, presentada en una forma m\u00e1s c\u00e1lida e intensa.<br \/>\nIdeal para condimentar pasta, enriquecer pizzas, crostinis o acompa\u00f1ar un pinzimonio fresco, es un pesto que sabe adaptarse con elegancia a cada ocasi\u00f3n.<br \/>\nCada cucharada evoca los c\u00e1lidos colores de la Riviera, el aroma de las hierbas mediterr\u00e1neas y el sol que acaricia las laderas que dan al mar.<br \/>\nUna receta que interpreta la simplicidad con creatividad, ofreciendo experiencias siempre nuevas.<br \/>\nDescubre la receta del <strong>Chef Marco Stabile<\/strong>:<br \/>\n<a href=\"https:\/\/cortedeldome.com\/es\/trofie-gratinadas-con-pesto-rojo\/\">Trofie Corte del Dome gratinadas al horno con bechamel, Pesto Rojo y Parmigiano Reggiano.<\/a><\/p>\n","protected":false},"excerpt":{"rendered":"<p>El <strong>Pesto Rojo de Corte del Dome<\/strong>, firmado por el <strong>Chef Marco Stabile<\/strong>, es una sabrosa evoluci\u00f3n del pesto genov\u00e9s, donde los tomates secos se encuentran con la albahaca ligur para crear una receta de sabor pleno y envolvente.<br \/>\nEl <strong>Grana Padano<\/strong> y las <strong>nueces<\/strong> enriquecen la estructura con una nota cremosa y profunda, mientras que el <strong>aceite de oliva virgen extra<\/strong> une cada sabor con equilibrio y armon\u00eda.<\/p>\n","protected":false},"featured_media":13458,"comment_status":"open","ping_status":"closed","template":"","meta":{"iawp_total_views":12},"product_brand":[],"product_cat":[137,127],"product_tag":[],"class_list":{"0":"post-14018","1":"product","2":"type-product","3":"status-publish","4":"has-post-thumbnail","6":"product_cat-liguria-es","7":"product_cat-salsas","9":"first","10":"instock","11":"shipping-taxable","12":"purchasable","13":"product-type-simple"},"yoast_head":"<!-- This site is optimized with the Yoast SEO plugin v27.4 - https:\/\/yoast.com\/product\/yoast-seo-wordpress\/ -->\n<title>Pesto Rojo 500g - Corte del Dome<\/title>\n<meta name=\"robots\" content=\"index, follow, max-snippet:-1, max-image-preview:large, max-video-preview:-1\" \/>\n<link rel=\"canonical\" href=\"https:\/\/cortedeldome.com\/es\/producto\/pesto-rojo-500g\/\" \/>\n<meta property=\"og:locale\" content=\"es_ES\" \/>\n<meta property=\"og:type\" content=\"article\" \/>\n<meta property=\"og:title\" content=\"Pesto Rojo 500g - Corte del Dome\" \/>\n<meta property=\"og:description\" content=\"El Pesto Rojo de Corte del Dome, firmado por el Chef Marco Stabile, es una sabrosa evoluci\u00f3n del pesto genov\u00e9s, donde los tomates secos se encuentran con la albahaca ligur para crear una receta de sabor pleno y envolvente. El Grana Padano y las nueces enriquecen la estructura con una nota cremosa y profunda, mientras que el aceite de oliva virgen extra une cada sabor con equilibrio y armon\u00eda.\" \/>\n<meta property=\"og:url\" content=\"https:\/\/cortedeldome.com\/es\/producto\/pesto-rojo-500g\/\" \/>\n<meta property=\"og:site_name\" content=\"Corte del Dome\" \/>\n<meta property=\"article:publisher\" content=\"https:\/\/www.facebook.com\/profile.php?id=61563367018927\" \/>\n<meta property=\"article:modified_time\" content=\"2025-05-05T12:25:31+00:00\" \/>\n<meta property=\"og:image\" content=\"https:\/\/cortedeldome.com\/wp-content\/uploads\/2025\/04\/pesto-rosso-500g-1.jpg\" \/>\n\t<meta property=\"og:image:width\" content=\"1600\" \/>\n\t<meta property=\"og:image:height\" content=\"1988\" \/>\n\t<meta property=\"og:image:type\" content=\"image\/jpeg\" \/>\n<meta name=\"twitter:card\" content=\"summary_large_image\" \/>\n<meta name=\"twitter:label1\" content=\"Tiempo de lectura\" \/>\n\t<meta name=\"twitter:data1\" content=\"2 minutos\" \/>\n<script type=\"application\/ld+json\" class=\"yoast-schema-graph\">{\"@context\":\"https:\\\/\\\/schema.org\",\"@graph\":[{\"@type\":\"WebPage\",\"@id\":\"https:\\\/\\\/cortedeldome.com\\\/es\\\/producto\\\/pesto-rojo-500g\\\/\",\"url\":\"https:\\\/\\\/cortedeldome.com\\\/es\\\/producto\\\/pesto-rojo-500g\\\/\",\"name\":\"Pesto Rojo 500g - Corte del Dome\",\"isPartOf\":{\"@id\":\"https:\\\/\\\/cortedeldome.com\\\/es\\\/#website\"},\"primaryImageOfPage\":{\"@id\":\"https:\\\/\\\/cortedeldome.com\\\/es\\\/producto\\\/pesto-rojo-500g\\\/#primaryimage\"},\"image\":{\"@id\":\"https:\\\/\\\/cortedeldome.com\\\/es\\\/producto\\\/pesto-rojo-500g\\\/#primaryimage\"},\"thumbnailUrl\":\"https:\\\/\\\/cortedeldome.com\\\/wp-content\\\/uploads\\\/2025\\\/04\\\/pesto-rosso-500g-1.jpg\",\"datePublished\":\"2025-04-24T07:38:27+00:00\",\"dateModified\":\"2025-05-05T12:25:31+00:00\",\"breadcrumb\":{\"@id\":\"https:\\\/\\\/cortedeldome.com\\\/es\\\/producto\\\/pesto-rojo-500g\\\/#breadcrumb\"},\"inLanguage\":\"es\",\"potentialAction\":[{\"@type\":\"ReadAction\",\"target\":[\"https:\\\/\\\/cortedeldome.com\\\/es\\\/producto\\\/pesto-rojo-500g\\\/\"]}]},{\"@type\":\"ImageObject\",\"inLanguage\":\"es\",\"@id\":\"https:\\\/\\\/cortedeldome.com\\\/es\\\/producto\\\/pesto-rojo-500g\\\/#primaryimage\",\"url\":\"https:\\\/\\\/cortedeldome.com\\\/wp-content\\\/uploads\\\/2025\\\/04\\\/pesto-rosso-500g-1.jpg\",\"contentUrl\":\"https:\\\/\\\/cortedeldome.com\\\/wp-content\\\/uploads\\\/2025\\\/04\\\/pesto-rosso-500g-1.jpg\",\"width\":1600,\"height\":1988},{\"@type\":\"BreadcrumbList\",\"@id\":\"https:\\\/\\\/cortedeldome.com\\\/es\\\/producto\\\/pesto-rojo-500g\\\/#breadcrumb\",\"itemListElement\":[{\"@type\":\"ListItem\",\"position\":1,\"name\":\"Home\",\"item\":\"https:\\\/\\\/cortedeldome.com\\\/es\\\/\"},{\"@type\":\"ListItem\",\"position\":2,\"name\":\"SHOP\",\"item\":\"https:\\\/\\\/cortedeldome.com\\\/es\\\/shop\\\/\"},{\"@type\":\"ListItem\",\"position\":3,\"name\":\"Pesto Rojo 500g\"}]},{\"@type\":\"WebSite\",\"@id\":\"https:\\\/\\\/cortedeldome.com\\\/es\\\/#website\",\"url\":\"https:\\\/\\\/cortedeldome.com\\\/es\\\/\",\"name\":\"Corte del Dome\",\"description\":\"Selezione d'Eccellenza - Italy\",\"publisher\":{\"@id\":\"https:\\\/\\\/cortedeldome.com\\\/es\\\/#organization\"},\"potentialAction\":[{\"@type\":\"SearchAction\",\"target\":{\"@type\":\"EntryPoint\",\"urlTemplate\":\"https:\\\/\\\/cortedeldome.com\\\/es\\\/?s={search_term_string}\"},\"query-input\":{\"@type\":\"PropertyValueSpecification\",\"valueRequired\":true,\"valueName\":\"search_term_string\"}}],\"inLanguage\":\"es\"},{\"@type\":\"Organization\",\"@id\":\"https:\\\/\\\/cortedeldome.com\\\/es\\\/#organization\",\"name\":\"Corte del Dome\",\"url\":\"https:\\\/\\\/cortedeldome.com\\\/es\\\/\",\"logo\":{\"@type\":\"ImageObject\",\"inLanguage\":\"es\",\"@id\":\"https:\\\/\\\/cortedeldome.com\\\/es\\\/#\\\/schema\\\/logo\\\/image\\\/\",\"url\":\"https:\\\/\\\/cortedeldome.com\\\/wp-content\\\/uploads\\\/2024\\\/07\\\/logo-header-nero.png\",\"contentUrl\":\"https:\\\/\\\/cortedeldome.com\\\/wp-content\\\/uploads\\\/2024\\\/07\\\/logo-header-nero.png\",\"width\":3179,\"height\":1275,\"caption\":\"Corte del Dome\"},\"image\":{\"@id\":\"https:\\\/\\\/cortedeldome.com\\\/es\\\/#\\\/schema\\\/logo\\\/image\\\/\"},\"sameAs\":[\"https:\\\/\\\/www.facebook.com\\\/profile.php?id=61563367018927\",\"https:\\\/\\\/www.instagram.com\\\/cortedeldome\\\/\",\"https:\\\/\\\/it.pinterest.com\\\/cortedeldome\\\/\"]}]}<\/script>\n<!-- \/ Yoast SEO plugin. -->","yoast_head_json":{"title":"Pesto Rojo 500g - Corte del Dome","robots":{"index":"index","follow":"follow","max-snippet":"max-snippet:-1","max-image-preview":"max-image-preview:large","max-video-preview":"max-video-preview:-1"},"canonical":"https:\/\/cortedeldome.com\/es\/producto\/pesto-rojo-500g\/","og_locale":"es_ES","og_type":"article","og_title":"Pesto Rojo 500g - Corte del Dome","og_description":"El Pesto Rojo de Corte del Dome, firmado por el Chef Marco Stabile, es una sabrosa evoluci\u00f3n del pesto genov\u00e9s, donde los tomates secos se encuentran con la albahaca ligur para crear una receta de sabor pleno y envolvente. El Grana Padano y las nueces enriquecen la estructura con una nota cremosa y profunda, mientras que el aceite de oliva virgen extra une cada sabor con equilibrio y armon\u00eda.","og_url":"https:\/\/cortedeldome.com\/es\/producto\/pesto-rojo-500g\/","og_site_name":"Corte del Dome","article_publisher":"https:\/\/www.facebook.com\/profile.php?id=61563367018927","article_modified_time":"2025-05-05T12:25:31+00:00","og_image":[{"width":1600,"height":1988,"url":"https:\/\/cortedeldome.com\/wp-content\/uploads\/2025\/04\/pesto-rosso-500g-1.jpg","type":"image\/jpeg"}],"twitter_card":"summary_large_image","twitter_misc":{"Tiempo de lectura":"2 minutos"},"schema":{"@context":"https:\/\/schema.org","@graph":[{"@type":"WebPage","@id":"https:\/\/cortedeldome.com\/es\/producto\/pesto-rojo-500g\/","url":"https:\/\/cortedeldome.com\/es\/producto\/pesto-rojo-500g\/","name":"Pesto Rojo 500g - Corte del Dome","isPartOf":{"@id":"https:\/\/cortedeldome.com\/es\/#website"},"primaryImageOfPage":{"@id":"https:\/\/cortedeldome.com\/es\/producto\/pesto-rojo-500g\/#primaryimage"},"image":{"@id":"https:\/\/cortedeldome.com\/es\/producto\/pesto-rojo-500g\/#primaryimage"},"thumbnailUrl":"https:\/\/cortedeldome.com\/wp-content\/uploads\/2025\/04\/pesto-rosso-500g-1.jpg","datePublished":"2025-04-24T07:38:27+00:00","dateModified":"2025-05-05T12:25:31+00:00","breadcrumb":{"@id":"https:\/\/cortedeldome.com\/es\/producto\/pesto-rojo-500g\/#breadcrumb"},"inLanguage":"es","potentialAction":[{"@type":"ReadAction","target":["https:\/\/cortedeldome.com\/es\/producto\/pesto-rojo-500g\/"]}]},{"@type":"ImageObject","inLanguage":"es","@id":"https:\/\/cortedeldome.com\/es\/producto\/pesto-rojo-500g\/#primaryimage","url":"https:\/\/cortedeldome.com\/wp-content\/uploads\/2025\/04\/pesto-rosso-500g-1.jpg","contentUrl":"https:\/\/cortedeldome.com\/wp-content\/uploads\/2025\/04\/pesto-rosso-500g-1.jpg","width":1600,"height":1988},{"@type":"BreadcrumbList","@id":"https:\/\/cortedeldome.com\/es\/producto\/pesto-rojo-500g\/#breadcrumb","itemListElement":[{"@type":"ListItem","position":1,"name":"Home","item":"https:\/\/cortedeldome.com\/es\/"},{"@type":"ListItem","position":2,"name":"SHOP","item":"https:\/\/cortedeldome.com\/es\/shop\/"},{"@type":"ListItem","position":3,"name":"Pesto Rojo 500g"}]},{"@type":"WebSite","@id":"https:\/\/cortedeldome.com\/es\/#website","url":"https:\/\/cortedeldome.com\/es\/","name":"Corte del Dome","description":"Selezione d'Eccellenza - Italy","publisher":{"@id":"https:\/\/cortedeldome.com\/es\/#organization"},"potentialAction":[{"@type":"SearchAction","target":{"@type":"EntryPoint","urlTemplate":"https:\/\/cortedeldome.com\/es\/?s={search_term_string}"},"query-input":{"@type":"PropertyValueSpecification","valueRequired":true,"valueName":"search_term_string"}}],"inLanguage":"es"},{"@type":"Organization","@id":"https:\/\/cortedeldome.com\/es\/#organization","name":"Corte del Dome","url":"https:\/\/cortedeldome.com\/es\/","logo":{"@type":"ImageObject","inLanguage":"es","@id":"https:\/\/cortedeldome.com\/es\/#\/schema\/logo\/image\/","url":"https:\/\/cortedeldome.com\/wp-content\/uploads\/2024\/07\/logo-header-nero.png","contentUrl":"https:\/\/cortedeldome.com\/wp-content\/uploads\/2024\/07\/logo-header-nero.png","width":3179,"height":1275,"caption":"Corte del Dome"},"image":{"@id":"https:\/\/cortedeldome.com\/es\/#\/schema\/logo\/image\/"},"sameAs":["https:\/\/www.facebook.com\/profile.php?id=61563367018927","https:\/\/www.instagram.com\/cortedeldome\/","https:\/\/it.pinterest.com\/cortedeldome\/"]}]}},"jetpack_sharing_enabled":true,"_links":{"self":[{"href":"https:\/\/cortedeldome.com\/es\/wp-json\/wp\/v2\/product\/14018","targetHints":{"allow":["GET"]}}],"collection":[{"href":"https:\/\/cortedeldome.com\/es\/wp-json\/wp\/v2\/product"}],"about":[{"href":"https:\/\/cortedeldome.com\/es\/wp-json\/wp\/v2\/types\/product"}],"replies":[{"embeddable":true,"href":"https:\/\/cortedeldome.com\/es\/wp-json\/wp\/v2\/comments?post=14018"}],"wp:featuredmedia":[{"embeddable":true,"href":"https:\/\/cortedeldome.com\/es\/wp-json\/wp\/v2\/media\/13458"}],"wp:attachment":[{"href":"https:\/\/cortedeldome.com\/es\/wp-json\/wp\/v2\/media?parent=14018"}],"wp:term":[{"taxonomy":"product_brand","embeddable":true,"href":"https:\/\/cortedeldome.com\/es\/wp-json\/wp\/v2\/product_brand?post=14018"},{"taxonomy":"product_cat","embeddable":true,"href":"https:\/\/cortedeldome.com\/es\/wp-json\/wp\/v2\/product_cat?post=14018"},{"taxonomy":"product_tag","embeddable":true,"href":"https:\/\/cortedeldome.com\/es\/wp-json\/wp\/v2\/product_tag?post=14018"}],"curies":[{"name":"wp","href":"https:\/\/api.w.org\/{rel}","templated":true}]}}