{"id":13982,"date":"2025-04-01T23:43:05","date_gmt":"2025-04-01T21:43:05","guid":{"rendered":"https:\/\/cortedeldome.com\/?post_type=product&#038;p=13982"},"modified":"2025-05-05T15:29:16","modified_gmt":"2025-05-05T13:29:16","slug":"pesto-alla-genovese-sin-ajo-180g","status":"publish","type":"product","link":"https:\/\/cortedeldome.com\/es\/producto\/pesto-alla-genovese-sin-ajo-180g\/","title":{"rendered":"Pesto alla Genovese sin Ajo 180g"},"content":{"rendered":"<p><strong>El Pesto a la Genovesa Sin Ajo de Corte del Dome<\/strong>, firmado por el <strong>Chef Marco Stabile<\/strong>, es una refinada interpretaci\u00f3n de la tradici\u00f3n ligur.<br \/>\nPreparado con <strong>albahaca ligur<\/strong> cultivada a la sombra para preservar su aroma intenso y fresco, este pesto se distingue por su delicadeza, pensado para quienes desean un sabor m\u00e1s suave y armonioso.<br \/>\nLos <strong>anacardos<\/strong>, <strong>pi\u00f1ones<\/strong>, <strong>Grana Padano<\/strong> y <strong>Fiore Sardo<\/strong> crean una textura cremosa y envolvente, mientras que el <strong>aceite de oliva virgen extra<\/strong> completa la receta con sus notas fragantes y mediterr\u00e1neas.<br \/>\nLa <strong>ausencia de ajo<\/strong> realza los dem\u00e1s ingredientes, dejando espacio a un equilibrio de sabores que conquista el paladar con ligereza y finura.<br \/>\nEsta versi\u00f3n del cl\u00e1sico pesto ligur est\u00e1 pensada para quienes buscan autenticidad y calidad, sin renunciar a la delicadeza.<br \/>\nCada cucharada es un viaje entre colinas perfumadas y costas soleadas, un relato de sabor que habla de tradici\u00f3n e innovaci\u00f3n, simplicidad y pasi\u00f3n.<br \/>\nUna receta amable, que respeta los sentidos y celebra la pureza de los sabores esenciales.<br \/>\nDescubre la combinaci\u00f3n de <strong>Marco Stabile<\/strong>:<br \/>\n<a href=\"https:\/\/cortedeldome.com\/es\/trofie-con-pesto\/\"><strong>Trofie Corte del Dome con Pesto a la Genovesa Sin Ajo<\/strong><\/a><\/p>\n","protected":false},"excerpt":{"rendered":"<p><strong>El Pesto a la Genovesa Sin Ajo de Corte del Dome<\/strong>, firmado por el <strong>Chef Marco Stabile<\/strong>, es una refinada interpretaci\u00f3n de la tradici\u00f3n ligur.<br \/>\nPreparado con <strong>albahaca ligur<\/strong> cultivada a la sombra para preservar su aroma intenso y fresco, este pesto se distingue por su delicadeza, pensado para quienes desean un sabor m\u00e1s suave y armonioso.<\/p>\n","protected":false},"featured_media":13358,"comment_status":"open","ping_status":"closed","template":"","meta":{"iawp_total_views":6},"product_brand":[],"product_cat":[137,127],"product_tag":[],"class_list":{"0":"post-13982","1":"product","2":"type-product","3":"status-publish","4":"has-post-thumbnail","6":"product_cat-liguria-es","7":"product_cat-salsas","9":"first","10":"outofstock","11":"shipping-taxable","12":"purchasable","13":"product-type-simple"},"yoast_head":"<!-- This site is optimized with the Yoast SEO plugin v27.4 - https:\/\/yoast.com\/product\/yoast-seo-wordpress\/ -->\n<title>Pesto alla Genovese sin Ajo 180g - Corte del Dome<\/title>\n<meta name=\"robots\" content=\"index, follow, max-snippet:-1, max-image-preview:large, max-video-preview:-1\" \/>\n<link rel=\"canonical\" href=\"https:\/\/cortedeldome.com\/es\/producto\/pesto-alla-genovese-sin-ajo-180g\/\" \/>\n<meta property=\"og:locale\" content=\"es_ES\" \/>\n<meta property=\"og:type\" content=\"article\" \/>\n<meta property=\"og:title\" content=\"Pesto alla Genovese sin Ajo 180g - Corte del Dome\" \/>\n<meta property=\"og:description\" content=\"El Pesto a la Genovesa Sin Ajo de Corte del Dome, firmado por el Chef Marco Stabile, es una refinada interpretaci\u00f3n de la tradici\u00f3n ligur. Preparado con albahaca ligur cultivada a la sombra para preservar su aroma intenso y fresco, este pesto se distingue por su delicadeza, pensado para quienes desean un sabor m\u00e1s suave y armonioso.\" \/>\n<meta property=\"og:url\" content=\"https:\/\/cortedeldome.com\/es\/producto\/pesto-alla-genovese-sin-ajo-180g\/\" \/>\n<meta property=\"og:site_name\" content=\"Corte del Dome\" \/>\n<meta property=\"article:publisher\" content=\"https:\/\/www.facebook.com\/profile.php?id=61563367018927\" \/>\n<meta property=\"article:modified_time\" content=\"2025-05-05T13:29:16+00:00\" \/>\n<meta property=\"og:image\" content=\"https:\/\/cortedeldome.com\/wp-content\/uploads\/2025\/04\/pesto-alla-genovese-senza-aglio-1.jpg\" \/>\n\t<meta property=\"og:image:width\" content=\"1600\" \/>\n\t<meta property=\"og:image:height\" content=\"1988\" \/>\n\t<meta property=\"og:image:type\" content=\"image\/jpeg\" \/>\n<meta name=\"twitter:card\" content=\"summary_large_image\" \/>\n<meta name=\"twitter:label1\" content=\"Tiempo de lectura\" \/>\n\t<meta name=\"twitter:data1\" content=\"2 minutos\" \/>\n<script type=\"application\/ld+json\" class=\"yoast-schema-graph\">{\"@context\":\"https:\\\/\\\/schema.org\",\"@graph\":[{\"@type\":\"WebPage\",\"@id\":\"https:\\\/\\\/cortedeldome.com\\\/es\\\/producto\\\/pesto-alla-genovese-sin-ajo-180g\\\/\",\"url\":\"https:\\\/\\\/cortedeldome.com\\\/es\\\/producto\\\/pesto-alla-genovese-sin-ajo-180g\\\/\",\"name\":\"Pesto alla Genovese sin Ajo 180g - Corte del Dome\",\"isPartOf\":{\"@id\":\"https:\\\/\\\/cortedeldome.com\\\/es\\\/#website\"},\"primaryImageOfPage\":{\"@id\":\"https:\\\/\\\/cortedeldome.com\\\/es\\\/producto\\\/pesto-alla-genovese-sin-ajo-180g\\\/#primaryimage\"},\"image\":{\"@id\":\"https:\\\/\\\/cortedeldome.com\\\/es\\\/producto\\\/pesto-alla-genovese-sin-ajo-180g\\\/#primaryimage\"},\"thumbnailUrl\":\"https:\\\/\\\/cortedeldome.com\\\/wp-content\\\/uploads\\\/2025\\\/04\\\/pesto-alla-genovese-senza-aglio-1.jpg\",\"datePublished\":\"2025-04-01T21:43:05+00:00\",\"dateModified\":\"2025-05-05T13:29:16+00:00\",\"breadcrumb\":{\"@id\":\"https:\\\/\\\/cortedeldome.com\\\/es\\\/producto\\\/pesto-alla-genovese-sin-ajo-180g\\\/#breadcrumb\"},\"inLanguage\":\"es\",\"potentialAction\":[{\"@type\":\"ReadAction\",\"target\":[\"https:\\\/\\\/cortedeldome.com\\\/es\\\/producto\\\/pesto-alla-genovese-sin-ajo-180g\\\/\"]}]},{\"@type\":\"ImageObject\",\"inLanguage\":\"es\",\"@id\":\"https:\\\/\\\/cortedeldome.com\\\/es\\\/producto\\\/pesto-alla-genovese-sin-ajo-180g\\\/#primaryimage\",\"url\":\"https:\\\/\\\/cortedeldome.com\\\/wp-content\\\/uploads\\\/2025\\\/04\\\/pesto-alla-genovese-senza-aglio-1.jpg\",\"contentUrl\":\"https:\\\/\\\/cortedeldome.com\\\/wp-content\\\/uploads\\\/2025\\\/04\\\/pesto-alla-genovese-senza-aglio-1.jpg\",\"width\":1600,\"height\":1988},{\"@type\":\"BreadcrumbList\",\"@id\":\"https:\\\/\\\/cortedeldome.com\\\/es\\\/producto\\\/pesto-alla-genovese-sin-ajo-180g\\\/#breadcrumb\",\"itemListElement\":[{\"@type\":\"ListItem\",\"position\":1,\"name\":\"Home\",\"item\":\"https:\\\/\\\/cortedeldome.com\\\/es\\\/\"},{\"@type\":\"ListItem\",\"position\":2,\"name\":\"SHOP\",\"item\":\"https:\\\/\\\/cortedeldome.com\\\/es\\\/shop\\\/\"},{\"@type\":\"ListItem\",\"position\":3,\"name\":\"Pesto alla Genovese sin Ajo 180g\"}]},{\"@type\":\"WebSite\",\"@id\":\"https:\\\/\\\/cortedeldome.com\\\/es\\\/#website\",\"url\":\"https:\\\/\\\/cortedeldome.com\\\/es\\\/\",\"name\":\"Corte del Dome\",\"description\":\"Selezione d'Eccellenza - Italy\",\"publisher\":{\"@id\":\"https:\\\/\\\/cortedeldome.com\\\/es\\\/#organization\"},\"potentialAction\":[{\"@type\":\"SearchAction\",\"target\":{\"@type\":\"EntryPoint\",\"urlTemplate\":\"https:\\\/\\\/cortedeldome.com\\\/es\\\/?s={search_term_string}\"},\"query-input\":{\"@type\":\"PropertyValueSpecification\",\"valueRequired\":true,\"valueName\":\"search_term_string\"}}],\"inLanguage\":\"es\"},{\"@type\":\"Organization\",\"@id\":\"https:\\\/\\\/cortedeldome.com\\\/es\\\/#organization\",\"name\":\"Corte del Dome\",\"url\":\"https:\\\/\\\/cortedeldome.com\\\/es\\\/\",\"logo\":{\"@type\":\"ImageObject\",\"inLanguage\":\"es\",\"@id\":\"https:\\\/\\\/cortedeldome.com\\\/es\\\/#\\\/schema\\\/logo\\\/image\\\/\",\"url\":\"https:\\\/\\\/cortedeldome.com\\\/wp-content\\\/uploads\\\/2024\\\/07\\\/logo-header-nero.png\",\"contentUrl\":\"https:\\\/\\\/cortedeldome.com\\\/wp-content\\\/uploads\\\/2024\\\/07\\\/logo-header-nero.png\",\"width\":3179,\"height\":1275,\"caption\":\"Corte del Dome\"},\"image\":{\"@id\":\"https:\\\/\\\/cortedeldome.com\\\/es\\\/#\\\/schema\\\/logo\\\/image\\\/\"},\"sameAs\":[\"https:\\\/\\\/www.facebook.com\\\/profile.php?id=61563367018927\",\"https:\\\/\\\/www.instagram.com\\\/cortedeldome\\\/\",\"https:\\\/\\\/it.pinterest.com\\\/cortedeldome\\\/\"]}]}<\/script>\n<!-- \/ Yoast SEO plugin. -->","yoast_head_json":{"title":"Pesto alla Genovese sin Ajo 180g - Corte del Dome","robots":{"index":"index","follow":"follow","max-snippet":"max-snippet:-1","max-image-preview":"max-image-preview:large","max-video-preview":"max-video-preview:-1"},"canonical":"https:\/\/cortedeldome.com\/es\/producto\/pesto-alla-genovese-sin-ajo-180g\/","og_locale":"es_ES","og_type":"article","og_title":"Pesto alla Genovese sin Ajo 180g - Corte del Dome","og_description":"El Pesto a la Genovesa Sin Ajo de Corte del Dome, firmado por el Chef Marco Stabile, es una refinada interpretaci\u00f3n de la tradici\u00f3n ligur. Preparado con albahaca ligur cultivada a la sombra para preservar su aroma intenso y fresco, este pesto se distingue por su delicadeza, pensado para quienes desean un sabor m\u00e1s suave y armonioso.","og_url":"https:\/\/cortedeldome.com\/es\/producto\/pesto-alla-genovese-sin-ajo-180g\/","og_site_name":"Corte del Dome","article_publisher":"https:\/\/www.facebook.com\/profile.php?id=61563367018927","article_modified_time":"2025-05-05T13:29:16+00:00","og_image":[{"width":1600,"height":1988,"url":"https:\/\/cortedeldome.com\/wp-content\/uploads\/2025\/04\/pesto-alla-genovese-senza-aglio-1.jpg","type":"image\/jpeg"}],"twitter_card":"summary_large_image","twitter_misc":{"Tiempo de lectura":"2 minutos"},"schema":{"@context":"https:\/\/schema.org","@graph":[{"@type":"WebPage","@id":"https:\/\/cortedeldome.com\/es\/producto\/pesto-alla-genovese-sin-ajo-180g\/","url":"https:\/\/cortedeldome.com\/es\/producto\/pesto-alla-genovese-sin-ajo-180g\/","name":"Pesto alla Genovese sin Ajo 180g - Corte del Dome","isPartOf":{"@id":"https:\/\/cortedeldome.com\/es\/#website"},"primaryImageOfPage":{"@id":"https:\/\/cortedeldome.com\/es\/producto\/pesto-alla-genovese-sin-ajo-180g\/#primaryimage"},"image":{"@id":"https:\/\/cortedeldome.com\/es\/producto\/pesto-alla-genovese-sin-ajo-180g\/#primaryimage"},"thumbnailUrl":"https:\/\/cortedeldome.com\/wp-content\/uploads\/2025\/04\/pesto-alla-genovese-senza-aglio-1.jpg","datePublished":"2025-04-01T21:43:05+00:00","dateModified":"2025-05-05T13:29:16+00:00","breadcrumb":{"@id":"https:\/\/cortedeldome.com\/es\/producto\/pesto-alla-genovese-sin-ajo-180g\/#breadcrumb"},"inLanguage":"es","potentialAction":[{"@type":"ReadAction","target":["https:\/\/cortedeldome.com\/es\/producto\/pesto-alla-genovese-sin-ajo-180g\/"]}]},{"@type":"ImageObject","inLanguage":"es","@id":"https:\/\/cortedeldome.com\/es\/producto\/pesto-alla-genovese-sin-ajo-180g\/#primaryimage","url":"https:\/\/cortedeldome.com\/wp-content\/uploads\/2025\/04\/pesto-alla-genovese-senza-aglio-1.jpg","contentUrl":"https:\/\/cortedeldome.com\/wp-content\/uploads\/2025\/04\/pesto-alla-genovese-senza-aglio-1.jpg","width":1600,"height":1988},{"@type":"BreadcrumbList","@id":"https:\/\/cortedeldome.com\/es\/producto\/pesto-alla-genovese-sin-ajo-180g\/#breadcrumb","itemListElement":[{"@type":"ListItem","position":1,"name":"Home","item":"https:\/\/cortedeldome.com\/es\/"},{"@type":"ListItem","position":2,"name":"SHOP","item":"https:\/\/cortedeldome.com\/es\/shop\/"},{"@type":"ListItem","position":3,"name":"Pesto alla Genovese sin Ajo 180g"}]},{"@type":"WebSite","@id":"https:\/\/cortedeldome.com\/es\/#website","url":"https:\/\/cortedeldome.com\/es\/","name":"Corte del Dome","description":"Selezione d'Eccellenza - Italy","publisher":{"@id":"https:\/\/cortedeldome.com\/es\/#organization"},"potentialAction":[{"@type":"SearchAction","target":{"@type":"EntryPoint","urlTemplate":"https:\/\/cortedeldome.com\/es\/?s={search_term_string}"},"query-input":{"@type":"PropertyValueSpecification","valueRequired":true,"valueName":"search_term_string"}}],"inLanguage":"es"},{"@type":"Organization","@id":"https:\/\/cortedeldome.com\/es\/#organization","name":"Corte del Dome","url":"https:\/\/cortedeldome.com\/es\/","logo":{"@type":"ImageObject","inLanguage":"es","@id":"https:\/\/cortedeldome.com\/es\/#\/schema\/logo\/image\/","url":"https:\/\/cortedeldome.com\/wp-content\/uploads\/2024\/07\/logo-header-nero.png","contentUrl":"https:\/\/cortedeldome.com\/wp-content\/uploads\/2024\/07\/logo-header-nero.png","width":3179,"height":1275,"caption":"Corte del Dome"},"image":{"@id":"https:\/\/cortedeldome.com\/es\/#\/schema\/logo\/image\/"},"sameAs":["https:\/\/www.facebook.com\/profile.php?id=61563367018927","https:\/\/www.instagram.com\/cortedeldome\/","https:\/\/it.pinterest.com\/cortedeldome\/"]}]}},"jetpack_sharing_enabled":true,"_links":{"self":[{"href":"https:\/\/cortedeldome.com\/es\/wp-json\/wp\/v2\/product\/13982","targetHints":{"allow":["GET"]}}],"collection":[{"href":"https:\/\/cortedeldome.com\/es\/wp-json\/wp\/v2\/product"}],"about":[{"href":"https:\/\/cortedeldome.com\/es\/wp-json\/wp\/v2\/types\/product"}],"replies":[{"embeddable":true,"href":"https:\/\/cortedeldome.com\/es\/wp-json\/wp\/v2\/comments?post=13982"}],"wp:featuredmedia":[{"embeddable":true,"href":"https:\/\/cortedeldome.com\/es\/wp-json\/wp\/v2\/media\/13358"}],"wp:attachment":[{"href":"https:\/\/cortedeldome.com\/es\/wp-json\/wp\/v2\/media?parent=13982"}],"wp:term":[{"taxonomy":"product_brand","embeddable":true,"href":"https:\/\/cortedeldome.com\/es\/wp-json\/wp\/v2\/product_brand?post=13982"},{"taxonomy":"product_cat","embeddable":true,"href":"https:\/\/cortedeldome.com\/es\/wp-json\/wp\/v2\/product_cat?post=13982"},{"taxonomy":"product_tag","embeddable":true,"href":"https:\/\/cortedeldome.com\/es\/wp-json\/wp\/v2\/product_tag?post=13982"}],"curies":[{"name":"wp","href":"https:\/\/api.w.org\/{rel}","templated":true}]}}